{"id":2,"date":"2008-08-09T22:48:44","date_gmt":"2008-08-10T01:48:44","guid":{"rendered":"http:\/\/tangopardo.com.ar\/2cf7\/?page_id=2"},"modified":"2017-09-01T15:13:53","modified_gmt":"2017-09-01T18:13:53","slug":"about","status":"publish","type":"page","link":"https:\/\/tangopardo.com.ar\/2cf7\/about","title":{"rendered":"About &#038; Contact"},"content":{"rendered":"<p>Hi there I&#8217;m Adri\u00e1n Pardini.<\/p>\n<div id=\"attachment_1566\" style=\"width: 160px\" class=\"wp-caption alignright\"><a href=\"http:\/\/tangopardo.com.ar\/2cf7\/wp-content\/uploads\/2008\/08\/foto_smoking.jpeg\"><img loading=\"lazy\" decoding=\"async\" aria-describedby=\"caption-attachment-1566\" data-attachment-id=\"1566\" data-permalink=\"https:\/\/tangopardo.com.ar\/2cf7\/about\/foto_smoking\" data-orig-file=\"https:\/\/tangopardo.com.ar\/2cf7\/wp-content\/uploads\/2008\/08\/foto_smoking.jpeg\" data-orig-size=\"300,300\" data-comments-opened=\"1\" data-image-meta=\"{&quot;aperture&quot;:&quot;0&quot;,&quot;credit&quot;:&quot;&quot;,&quot;camera&quot;:&quot;&quot;,&quot;caption&quot;:&quot;&quot;,&quot;created_timestamp&quot;:&quot;0&quot;,&quot;copyright&quot;:&quot;&quot;,&quot;focal_length&quot;:&quot;0&quot;,&quot;iso&quot;:&quot;0&quot;,&quot;shutter_speed&quot;:&quot;0&quot;,&quot;title&quot;:&quot;&quot;}\" data-image-title=\"Adri\u00e1n Pardini. Este soy Yo.\" data-image-description=\"&lt;p&gt;Adri\u00e1n Pardini. Este soy Yo.&lt;\/p&gt;\n\" data-image-caption=\"&lt;p&gt;Viste que guapo soy?&lt;\/p&gt;\n\" data-medium-file=\"https:\/\/tangopardo.com.ar\/2cf7\/wp-content\/uploads\/2008\/08\/foto_smoking.jpeg\" data-large-file=\"https:\/\/tangopardo.com.ar\/2cf7\/wp-content\/uploads\/2008\/08\/foto_smoking.jpeg\" class=\"size-full wp-image-1566 \" title=\"Adri\u00e1n Pardini. Este soy Yo.\" src=\"http:\/\/tangopardo.com.ar\/2cf7\/wp-content\/uploads\/2008\/08\/foto_smoking.jpeg\" alt=\"Adri\u00e1n Pardini. That's me.\" width=\"150\" height=\"150\" srcset=\"https:\/\/tangopardo.com.ar\/2cf7\/wp-content\/uploads\/2008\/08\/foto_smoking.jpeg 300w, https:\/\/tangopardo.com.ar\/2cf7\/wp-content\/uploads\/2008\/08\/foto_smoking-150x150.jpg 150w\" sizes=\"auto, (max-width: 150px) 100vw, 150px\" \/><\/a><p id=\"caption-attachment-1566\" class=\"wp-caption-text\">See how handsome I am?<\/p><\/div>\n<p>Soon to be Electronic Engineer, Hacker, Dancer, great Coder, amazing Lover and former underwear model. <!-- Also former taxidancer but don't tell anyone, ok? --><\/p>\n<p>I know my way from bare metal to the userland. I have experience writing and enhancing Linux device drivers and working with libraries\/toolkits such as <a title=\"GStreamer - THE open source multimedia framewok\" href=\"http:\/\/gstreamer.freedesktop.org\/\">GStreamer<\/a>, <a title=\"MLT Multimedia Framework\" href=\"http:\/\/www.mltframework.org\">MLT Framework<\/a>, <a title=\"JACK Audio Connection Kit\" href=\"http:\/\/jackaudio.org\/\">Jack<\/a>, <a title=\"GObject: An Object Oriented API for C\" href=\"https:\/\/wiki.gnome.org\/Projects\/GLib\/GObject\">GObject<\/a>, <a href=\"http:\/\/www.gtk.org\/\">Gtk<\/a> and <a title=\"Open Source Computer Vision\" href=\"http:\/\/opencv.org\/\">OpenCV<\/a> just to name a few. I am a native speaker of C and Python, fluent with Javascript and not so much with Ruby. I can also tell the difference between<strong><em> int * const foo<\/em><\/strong> and <strong><em>const int *foo<\/em><\/strong> , not that it really matters.<\/p>\n<p>Other technologies I work or worked with are <a title=\"WebVfx is a video effects library that allows effects to be implemented using WebKit HTML or Qt QML.\" href=\"https:\/\/github.com\/mltframework\/webvfx\/\">WebVfx<\/a>, C++, <a href=\"http:\/\/nodejs.org\">node.js<\/a>, <a href=\"http:\/\/redis.io\">Redis<\/a>, <a href=\"http:\/\/mongodb.org\">MongoDB<\/a>, Javascript, <a href=\"http:\/\/backbonejs.org\">Backbone.js<\/a>,, <a href=\"http:\/\/socket.io\">Socket.IO<\/a>, <a href=\"http:\/\/knockoutjs.com\">Knockout<\/a>, <a title=\"Mocha - the fun, simple, flexible JavaScript test framework\" href=\"http:\/\/visionmedia.github.io\/mocha\/\">Mocha<\/a>, <a title=\"Selenium - web browser automation.\" href=\"http:\/\/www.seleniumhq.org\/\">Selenium<\/a>, <a title=\"The Web framework for perfectionists with deadlines\" href=\"https:\/\/www.djangoproject.com\/\">Django<\/a>, <a title=\"Processing is a programming language, development environment, and online community\" href=\"http:\/\/processing.org\/\">Processing<\/a>, <a title=\"openFrameworks is an open source C++ toolkit for creative coding.\" href=\"http:\/\/www.openframeworks.cc\/\">openFrameworks<\/a>, <a title=\"AngularJS \u2014 Superheroic JavaScript MVW Framework\" href=\"https:\/\/angularjs.org\/\">AngularJS,<\/a> <a title=\"A platform for building native mobile applications using HTML, CSS and JavaScript\" href=\"http:\/\/cordova.apache.org\/\">Apache Cordova<\/a> and <a title=\"Ionic: Advanced HTML5 Hybrid Mobile App Framework\" href=\"http:\/\/ionicframework.com\/\">Ionic<\/a>.<\/p>\n<p>Yeah, I turned to the soft side. But give me some twine, enameled wire and a couple sticks and I&#8217;ll design and build whatever electronic gizmo you can dream of.<\/p>\n<p>Since 2008 I&#8217;m part of <a href=\"http:\/\/fmfutura.com.ar\">Radio Futura, La Plata<\/a>. Among other things we hosted a show, <a href=\"http:\/\/ovejafm.com\">La Oveja Electronica<\/a> with a couple of friends.<\/p>\n<p>I am also a member of <a title=\"Solar - Software Libre Argentina\" href=\"http:\/\/solar.org.ar\">Solar &#8211; Software Libre Argentina<\/a>.<\/p>\n<p>I helped a bit the <a title=\"Musix , sistema operativo multimedia 100% libre destinado a m\u00fasicos, t\u00e9cnicos sonidistas, djs, cineastas, dise\u00f1adores gr\u00e1ficos, y usuarios en general                            \" href=\"https:\/\/musixdistro.wordpress.com\/\">Musix<\/a> project on its beginnings.<\/p>\n<p>On 2011 I teamed up with the great guys of <a title=\"Crear - Arte y Tecnologia.\" href=\"http:\/\/elarteylatecnologia.com.ar\">Crear &#8211; Arte y Tecnologia<\/a>. We can do wonders, you should hire us.<\/p>\n<p>On my free time I walk, ride my bike, do some kayaking, restore antique radios and scientific instruments and do some crafty things.<\/p>\n<p>Want to say something? Send your love letters to publico @ this very same domain.<\/p>\n","protected":false},"excerpt":{"rendered":"<p>Hi there I&#8217;m Adri\u00e1n Pardini. Soon to be Electronic Engineer, Hacker, Dancer, great Coder, amazing Lover and former underwear model. I know my way from bare metal to the userland. I have experience writing and enhancing Linux device drivers and working with libraries\/toolkits such as GStreamer, MLT Framework, Jack, GObject, Gtk and OpenCV just to [&hellip;]<\/p>\n","protected":false},"author":1,"featured_media":0,"parent":0,"menu_order":0,"comment_status":"open","ping_status":"open","template":"","meta":{"jetpack_post_was_ever_published":false,"footnotes":""},"class_list":["post-2","page","type-page","status-publish","hentry"],"jetpack_sharing_enabled":true,"jetpack_shortlink":"https:\/\/wp.me\/PmnbC-2","_links":{"self":[{"href":"https:\/\/tangopardo.com.ar\/2cf7\/wp-json\/wp\/v2\/pages\/2","targetHints":{"allow":["GET"]}}],"collection":[{"href":"https:\/\/tangopardo.com.ar\/2cf7\/wp-json\/wp\/v2\/pages"}],"about":[{"href":"https:\/\/tangopardo.com.ar\/2cf7\/wp-json\/wp\/v2\/types\/page"}],"author":[{"embeddable":true,"href":"https:\/\/tangopardo.com.ar\/2cf7\/wp-json\/wp\/v2\/users\/1"}],"replies":[{"embeddable":true,"href":"https:\/\/tangopardo.com.ar\/2cf7\/wp-json\/wp\/v2\/comments?post=2"}],"version-history":[{"count":11,"href":"https:\/\/tangopardo.com.ar\/2cf7\/wp-json\/wp\/v2\/pages\/2\/revisions"}],"predecessor-version":[{"id":3146,"href":"https:\/\/tangopardo.com.ar\/2cf7\/wp-json\/wp\/v2\/pages\/2\/revisions\/3146"}],"wp:attachment":[{"href":"https:\/\/tangopardo.com.ar\/2cf7\/wp-json\/wp\/v2\/media?parent=2"}],"curies":[{"name":"wp","href":"https:\/\/api.w.org\/{rel}","templated":true}]}}