{"id":279,"date":"2009-05-29T01:37:22","date_gmt":"2009-05-29T03:37:22","guid":{"rendered":"http:\/\/tangopardo.com.ar\/2cf7\/?page_id=279"},"modified":"2009-06-18T12:59:57","modified_gmt":"2009-06-18T14:59:57","slug":"gavito","status":"publish","type":"page","link":"https:\/\/tangopardo.com.ar\/2cf7\/software\/gavito","title":{"rendered":"Gavito"},"content":{"rendered":"<p>(trabajo en progreso)<\/p>\n<p><strong>Etapa actual:<\/strong> programaci\u00f3n inicial.<\/p>\n<h2>Sinopsis:<\/h2>\n<p>Reproductor multimedia orientado a bailarines y core\u00f3grafos, basado en <a href=\"http:\/\/bluemindo.codingteam.net\">Bluemindo<\/a>.<\/p>\n<p>Caracter\u00edsticas b\u00e1sicas:<\/p>\n<ul>\n<li>Detecci\u00f3n de tiempos musicales semi-autom\u00e1tica basada en <a href=\"http:\/\/aubio.org\">aubio<\/a><\/li>\n<li>Bookmarks y regiones dentro de un tema<\/li>\n<li>Sincronizaci\u00f3n de anotaciones y animaciones con la m\u00fasica<\/li>\n<li>Cambio de velocidad sin afectar la tonalidad<\/li>\n<\/ul>\n","protected":false},"excerpt":{"rendered":"<p>(trabajo en progreso) Etapa actual: programaci\u00f3n inicial. Sinopsis: Reproductor multimedia orientado a bailarines y core\u00f3grafos, basado en Bluemindo. Caracter\u00edsticas b\u00e1sicas: Detecci\u00f3n de tiempos musicales semi-autom\u00e1tica basada en aubio Bookmarks y regiones dentro de un tema Sincronizaci\u00f3n de anotaciones y animaciones con la m\u00fasica Cambio de velocidad sin afectar la tonalidad<\/p>\n","protected":false},"author":1,"featured_media":0,"parent":8,"menu_order":0,"comment_status":"open","ping_status":"open","template":"","meta":{"jetpack_post_was_ever_published":false,"footnotes":""},"class_list":["post-279","page","type-page","status-publish","hentry"],"jetpack_sharing_enabled":true,"jetpack_shortlink":"https:\/\/wp.me\/PmnbC-4v","_links":{"self":[{"href":"https:\/\/tangopardo.com.ar\/2cf7\/wp-json\/wp\/v2\/pages\/279","targetHints":{"allow":["GET"]}}],"collection":[{"href":"https:\/\/tangopardo.com.ar\/2cf7\/wp-json\/wp\/v2\/pages"}],"about":[{"href":"https:\/\/tangopardo.com.ar\/2cf7\/wp-json\/wp\/v2\/types\/page"}],"author":[{"embeddable":true,"href":"https:\/\/tangopardo.com.ar\/2cf7\/wp-json\/wp\/v2\/users\/1"}],"replies":[{"embeddable":true,"href":"https:\/\/tangopardo.com.ar\/2cf7\/wp-json\/wp\/v2\/comments?post=279"}],"version-history":[{"count":4,"href":"https:\/\/tangopardo.com.ar\/2cf7\/wp-json\/wp\/v2\/pages\/279\/revisions"}],"predecessor-version":[{"id":282,"href":"https:\/\/tangopardo.com.ar\/2cf7\/wp-json\/wp\/v2\/pages\/279\/revisions\/282"}],"up":[{"embeddable":true,"href":"https:\/\/tangopardo.com.ar\/2cf7\/wp-json\/wp\/v2\/pages\/8"}],"wp:attachment":[{"href":"https:\/\/tangopardo.com.ar\/2cf7\/wp-json\/wp\/v2\/media?parent=279"}],"curies":[{"name":"wp","href":"https:\/\/api.w.org\/{rel}","templated":true}]}}