{"id":8,"date":"2008-11-05T15:15:12","date_gmt":"2008-11-05T18:15:12","guid":{"rendered":"http:\/\/tangopardo.com.ar\/2cf7\/?page_id=8"},"modified":"2008-11-16T20:58:59","modified_gmt":"2008-11-16T22:58:59","slug":"software","status":"publish","type":"page","link":"https:\/\/tangopardo.com.ar\/2cf7\/software","title":{"rendered":"Software"},"content":{"rendered":"<p>Esta p\u00e1gina es <em>[intenta ser]<\/em> una colecci\u00f3n del software que desarrollo, bien sea por inter\u00e9s personal o por encargo. Como corresponde, todo aqu\u00ed es <strong>software libre<\/strong>. O sea que se puede distribuir, modificar, estudiar y usar con cualquier fin.<\/p>\n<p>Si bien est\u00e1 aclarado en cada paquete, la licencia para software es GNU <strong>GPL v2<\/strong>, para la documentaci\u00f3n GNU <strong>GFDL 1.3<\/strong>. Si hubiera art\u00edstica o similares (el dise\u00f1o de un circuito, por ejemplo) la licencia es <strong>Creative Commons Attribution-Share Alike 2.5 Argentina <\/strong>(Atribuci\u00f3n CompartirDerivadasIgual 2.5 Argentina)<strong><br \/>\n<\/strong><\/p>\n<h3>Mas informaci\u00f3n:<\/h3>\n<p style=\"padding-left: 30px;\"><a title=\"GNU Project - Licenses\" href=\"http:\/\/www.gnu.org\/licenses\/licenses.html\" target=\"_blank\">http:\/\/www.gnu.org\/licenses\/licenses.html<\/a><\/p>\n<p style=\"padding-left: 30px;\"><a title=\"Explicaci\u00f3n de la licencia CC BY-SA 2.5 AR\" href=\"http:\/\/creativecommons.org\/licenses\/by-sa\/2.5\/ar\/\" target=\"_blank\">http:\/\/creativecommons.org\/licenses\/by-sa\/2.5\/ar\/<\/a><\/p>\n","protected":false},"excerpt":{"rendered":"<p>Esta p\u00e1gina es [intenta ser] una colecci\u00f3n del software que desarrollo, bien sea por inter\u00e9s personal o por encargo. Como corresponde, todo aqu\u00ed es software libre. O sea que se puede distribuir, modificar, estudiar y usar con cualquier fin. Si bien est\u00e1 aclarado en cada paquete, la licencia para software es GNU GPL v2, para [&hellip;]<\/p>\n","protected":false},"author":1,"featured_media":0,"parent":0,"menu_order":0,"comment_status":"closed","ping_status":"open","template":"","meta":{"jetpack_post_was_ever_published":false,"footnotes":""},"class_list":["post-8","page","type-page","status-publish","hentry"],"jetpack_sharing_enabled":true,"jetpack_shortlink":"https:\/\/wp.me\/PmnbC-8","_links":{"self":[{"href":"https:\/\/tangopardo.com.ar\/2cf7\/wp-json\/wp\/v2\/pages\/8","targetHints":{"allow":["GET"]}}],"collection":[{"href":"https:\/\/tangopardo.com.ar\/2cf7\/wp-json\/wp\/v2\/pages"}],"about":[{"href":"https:\/\/tangopardo.com.ar\/2cf7\/wp-json\/wp\/v2\/types\/page"}],"author":[{"embeddable":true,"href":"https:\/\/tangopardo.com.ar\/2cf7\/wp-json\/wp\/v2\/users\/1"}],"replies":[{"embeddable":true,"href":"https:\/\/tangopardo.com.ar\/2cf7\/wp-json\/wp\/v2\/comments?post=8"}],"version-history":[{"count":8,"href":"https:\/\/tangopardo.com.ar\/2cf7\/wp-json\/wp\/v2\/pages\/8\/revisions"}],"predecessor-version":[{"id":61,"href":"https:\/\/tangopardo.com.ar\/2cf7\/wp-json\/wp\/v2\/pages\/8\/revisions\/61"}],"wp:attachment":[{"href":"https:\/\/tangopardo.com.ar\/2cf7\/wp-json\/wp\/v2\/media?parent=8"}],"curies":[{"name":"wp","href":"https:\/\/api.w.org\/{rel}","templated":true}]}}